{"id":235,"date":"2023-02-09T12:47:18","date_gmt":"2023-02-09T12:47:18","guid":{"rendered":"http:\/\/dev.crisfits.com\/?page_id=235"},"modified":"2025-12-05T12:17:09","modified_gmt":"2025-12-05T12:17:09","slug":"faq","status":"publish","type":"page","link":"https:\/\/stutengarten.de\/WP\/faq\/","title":{"rendered":"FAQ"},"content":{"rendered":"<p>[et_pb_section fb_built=&#8220;1&#8243; custom_padding_last_edited=&#8220;on|phone&#8220; _builder_version=&#8220;4.19.5&#8243; _module_preset=&#8220;default&#8220; background_color=&#8220;#fcfae7&#8243; custom_padding=&#8220;|7vw|17vh|7vw|false|true&#8220; custom_padding_tablet=&#8220;|7vw||7vw|false|true&#8220; custom_padding_phone=&#8220;|4vw|7vh|4vw|false|true&#8220; bottom_divider_style=&#8220;slant&#8220; bottom_divider_color=&#8220;#fcd206&#8243; bottom_divider_flip=&#8220;horizontal&#8220; bottom_divider_height_tablet=&#8220;&#8220; bottom_divider_height_phone=&#8220;30px&#8220; bottom_divider_height_last_edited=&#8220;on|desktop&#8220; global_colors_info=&#8220;{}&#8220;][et_pb_row _builder_version=&#8220;4.19.5&#8243; _module_preset=&#8220;default&#8220; background_color=&#8220;RGBA(255,255,255,0)&#8220; width=&#8220;100%&#8220; max_width=&#8220;100%&#8220; custom_margin=&#8220;5vh||||false|false&#8220; custom_margin_tablet=&#8220;5vh||||false|false&#8220; custom_margin_phone=&#8220;0vh||||false|false&#8220; custom_margin_last_edited=&#8220;on|phone&#8220; global_colors_info=&#8220;{}&#8220;][et_pb_column type=&#8220;4_4&#8243; _builder_version=&#8220;4.19.5&#8243; _module_preset=&#8220;default&#8220; global_colors_info=&#8220;{}&#8220;][et_pb_text _builder_version=&#8220;4.19.5&#8243; _module_preset=&#8220;default&#8220; header_font=&#8220;JackScript||||||||&#8220; header_text_color=&#8220;#261e45&#8243; header_font_size=&#8220;86px&#8220; header_line_height=&#8220;1.1em&#8220; header_2_font=&#8220;JackScript||||||||&#8220; header_2_text_color=&#8220;#261e45&#8243; header_2_font_size=&#8220;70px&#8220; header_2_line_height=&#8220;1.1em&#8220; custom_margin=&#8220;||0px|||&#8220; header_font_size_tablet=&#8220;86px&#8220; header_font_size_phone=&#8220;46px&#8220; header_font_size_last_edited=&#8220;on|phone&#8220; header_2_font_size_tablet=&#8220;56px&#8220; header_2_font_size_phone=&#8220;56px&#8220; header_2_font_size_last_edited=&#8220;on|phone&#8220; global_colors_info=&#8220;{}&#8220;]<\/p>\n<h2>FAQ<\/h2>\n<p>[\/et_pb_text][et_pb_text _builder_version=&#8220;4.19.5&#8243; _module_preset=&#8220;default&#8220; text_font=&#8220;Manrope_Regular||||||||&#8220; text_text_color=&#8220;#261e45&#8243; text_font_size=&#8220;24px&#8220; text_line_height=&#8220;1.4em&#8220; header_3_font=&#8220;Manrope_Bold||||||||&#8220; header_3_text_color=&#8220;#261e45&#8243; header_3_font_size=&#8220;36px&#8220; header_3_line_height=&#8220;1.3em&#8220; custom_margin=&#8220;5vh||0px||false|false&#8220; custom_padding=&#8220;||0px||false|false&#8220; text_font_size_tablet=&#8220;24px&#8220; text_font_size_phone=&#8220;20px&#8220; text_font_size_last_edited=&#8220;on|phone&#8220; text_line_height_tablet=&#8220;1.4em&#8220; text_line_height_phone=&#8220;1.3em&#8220; text_line_height_last_edited=&#8220;on|desktop&#8220; header_3_font_size_tablet=&#8220;36px&#8220; header_3_font_size_phone=&#8220;27px&#8220; header_3_font_size_last_edited=&#8220;on|phone&#8220; global_colors_info=&#8220;{}&#8220;]<\/p>\n<h3>Fragen und Antworten rund um die Anmeldung<\/h3>\n<p>Haben Sie weitere Fragen zum Stutengarten?<br \/>Gerne stehen wir f\u00fcr R\u00fcckfragen unter der Stutengarten Hotline 0711 9978961 zur Verf\u00fcgung!<\/p>\n<p>[\/et_pb_text][et_pb_accordion open_toggle_text_color=&#8220;#261e45&#8243; open_toggle_background_color=&#8220;RGBA(255,255,255,0)&#8220; closed_toggle_text_color=&#8220;#261e45&#8243; closed_toggle_background_color=&#8220;RGBA(255,255,255,0)&#8220; icon_color=&#8220;#8c316c&#8220; use_icon_font_size=&#8220;on&#8220; icon_font_size=&#8220;40px&#8220; _builder_version=&#8220;4.20.2&#8243; _module_preset=&#8220;default&#8220; toggle_text_color=&#8220;#261e45&#8243; toggle_font=&#8220;Manrope_Bold||||||||&#8220; toggle_font_size=&#8220;24px&#8220; toggle_line_height=&#8220;1.4em&#8220; closed_toggle_font=&#8220;Manrope_Bold||||||||&#8220; closed_toggle_font_size=&#8220;24px&#8220; body_font=&#8220;Manrope_Regular||||||||&#8220; body_text_color=&#8220;#261e45&#8243; body_font_size=&#8220;24px&#8220; body_line_height=&#8220;1.3em&#8220; text_orientation=&#8220;left&#8220; custom_margin=&#8220;5vh||||false|false&#8220; body_font_size_tablet=&#8220;24px&#8220; body_font_size_phone=&#8220;20px&#8220; body_font_size_last_edited=&#8220;on|desktop&#8220; border_width_all=&#8220;0px&#8220; border_color_top=&#8220;#fcd206&#8243; border_width_bottom=&#8220;2px&#8220; border_color_bottom=&#8220;#fcd206&#8243; global_colors_info=&#8220;{}&#8220;][et_pb_accordion_item title=&#8220;Wann findet die KinderSpielStadt Stutengarten in diesem Sommer statt?&#8220; _builder_version=&#8220;4.19.5&#8243; _module_preset=&#8220;default&#8220; global_colors_info=&#8220;{}&#8220; open=&#8220;off&#8220;]<\/p>\n<p>Stutengarten findet vom 17. August 2026 bis zum 04. September 2026 statt:<\/p>\n<p>1. Woche 17. August 2026 bis 21. August 2026<br \/>2. Woche 24. August 2026 bis 28. August 2026<br \/>3. Woche 31. August 2026 bis 04. September 2026<\/p>\n<p>Die Kernzeitbetreuung der Kinderspielstadt Stutengarten ist von Montag bis Freitag von 08:30 Uhr \u2013 16:45 Uhr. Der Spielbetrieb beginnt um 10 Uhr.<\/p>\n<p>[\/et_pb_accordion_item][et_pb_accordion_item title=&#8220;Wer nimmt an der Spielstadt teil?&#8220; _builder_version=&#8220;4.19.5&#8243; _module_preset=&#8220;default&#8220; global_colors_info=&#8220;{}&#8220; open=&#8220;off&#8220;]<\/p>\n<p>Pro Woche k\u00f6nnen 500 Kinder im Alter von 6-13 Jahren teilnehmen.<\/p>\n<p>[\/et_pb_accordion_item][et_pb_accordion_item title=&#8220;Ab wann startet die Anmeldung zur KinderSpielStadt Stutengarten und wie kann ich mich genau anmelden?&#8220; _builder_version=&#8220;4.19.5&#8243; _module_preset=&#8220;default&#8220; body_link_text_color=&#8220;#000000&#8243; global_colors_info=&#8220;{}&#8220; open=&#8220;off&#8220;]<\/p>\n<p>Die Anmeldung zur Kinderspielstadt startet im Fr\u00fchjahr des jeweiligen Jahres \u00fcber das Anmeldeportal Yolawo. Ein Link zur Anmeldung wird zum Start unter &#8222;Jetzt anmelden&#8220; freigegeben.\u00a0 Bitte halten Sie f\u00fcr die Anmeldung ihre Bankverbindung (IBAN und BIC) bereit.<\/p>\n<p>[\/et_pb_accordion_item][et_pb_accordion_item title=&#8220;F\u00fcr wie viele Wochen kann ich meine Tochter\/ meinen Sohn im Stutengarten anmelden?&#8220; _builder_version=&#8220;4.19.5&#8243; _module_preset=&#8220;default&#8220; global_colors_info=&#8220;{}&#8220; open=&#8220;off&#8220;]<\/p>\n<p>Eine Anmeldung ist pro Kind jeweils nur f\u00fcr eine Woche m\u00f6glich. Sollte ein Kind dennoch f\u00fcr mehrere Wochen angemeldet werden, behalten wir uns vor, diese zus\u00e4tzlichen Pl\u00e4tze zugunsten anderer Kinder neu zu vergeben. Wie bitten hierf\u00fcr um Verst\u00e4ndnis.<\/p>\n<p>[\/et_pb_accordion_item][et_pb_accordion_item title=&#8220;Gibt es die M\u00f6glichkeit mehrere Kinder anzumelden?&#8220; _builder_version=&#8220;4.19.5&#8243; _module_preset=&#8220;default&#8220; global_colors_info=&#8220;{}&#8220; open=&#8220;off&#8220;]<\/p>\n<p>\u00dcber das Anmeldesystem k\u00f6nnen auch Geschwister angemeldet werden. Eine Anmeldung von Freund*innen oder Bekannten ist nicht zul\u00e4ssig.<strong><\/strong><\/p>\n<p>[\/et_pb_accordion_item][et_pb_accordion_item title=&#8220;Was kostet eine Woche KinderSpielStadt Stutengarten?&#8220; _builder_version=&#8220;4.19.5&#8243; _module_preset=&#8220;default&#8220; global_colors_info=&#8220;{}&#8220; open=&#8220;off&#8220;]<\/p>\n<p>Eine Woche kostet 175,- \u20ac (inkl. Bearbeitungsgeb\u00fchren). Die Kosten beinhalten Verpflegung und das komplette Kreativ- und Freizeitangebot der KinderSpielStadt. Es kann sowohl mit Familiencard als auch mit Bonuscard bezahlt werden.<\/p>\n<p>[\/et_pb_accordion_item][et_pb_accordion_item title=&#8220;Besteht die M\u00f6glichkeit mit der Familiencard der Stadt Stuttgart einen Teil der Kosten zu begleichen? Wie muss ich dabei vorgehen?&#8220; _builder_version=&#8220;4.19.5&#8243; _module_preset=&#8220;default&#8220; global_colors_info=&#8220;{}&#8220; open=&#8220;on&#8220;]<\/p>\n<p>\u00a01. Schritt: Nachweis der Familiencardzahlung bis sp\u00e4testens vier Wochen nach Anmeldung per Mail an info@stutengarten.de.<\/p>\n<p>2. Schritt: Im Anschluss findet eine Verrechnung des Beitrags sowie der Lastschrifteinzug statt. Ohne Nachweis wird der komplette Beitrag von 175 \u20ac pro Kind eingezogen.<\/p>\n<p>Info Ablauf Abbuchung eines Wunschbetrages auf der Familiencard bei einem B\u00fcrgerb\u00fcro:<\/p>\n<p>Um einen Teil der Kosten mit der Familiencard begleichen zu k\u00f6nnen, k\u00f6nnen Sie in den B\u00fcrger*innenb\u00fcros und B\u00fcrger*inneninformationsstellen bei den Bezirks\u00e4mtern einen Betrag (Maximalbetrag 60,00\u20ac bei aufgeladener Familiencard) auf das Projekt KinderSpielStadt Stutengarten abbuchen. Bitte geben Sie f\u00fcr eine Abbuchung die <strong>Projektnummer 500005<\/strong> an.<br \/><strong><br \/>Wichtig! \u2013 Bitte bewahren Sie den Abbuchungsbeleg (Quittung) <\/strong><strong>sorgf\u00e4ltig auf.<\/strong>\u00a0<\/p>\n<p>[\/et_pb_accordion_item][et_pb_accordion_item title=&#8220;Ist eine Bezahlung \u00fcber die Bonuscard m\u00f6glich? Wie muss ich vorgehen?&#8220; _builder_version=&#8220;4.19.5&#8243; _module_preset=&#8220;default&#8220; global_colors_info=&#8220;{}&#8220; open=&#8220;off&#8220;]<\/p>\n<p>Sollten Sie eine Bonuscard besitzen, \u00fcbernimmt die Stadt Stuttgart die Kosten f\u00fcr die Ferienangebote. Daf\u00fcr ben\u00f6tigen wir eine Kopie der Vorder- und R\u00fcckseite der Bonuscard. Bitte senden Sie ein Scan per Mail an <a href=\"mailto:info@stutengarten.de\">info@stutengarten.de<\/a> oder senden Sie eine Kopie an folgende Adresse:<\/p>\n<p>Projektwerk Heiligenwiesen 18 70327 Stuttgart\u00a0<\/p>\n<p>[\/et_pb_accordion_item][et_pb_accordion_item title=&#8220;Leider kann meine Tochter\/ mein Sohn an der bereits gebuchten Stutengartenwoche nicht teilnehmen. Wie kann ich den gebuchten Platz stornieren?&#8220; open=&#8220;off&#8220; _builder_version=&#8220;4.19.5&#8243; _module_preset=&#8220;default&#8220; body_link_text_color=&#8220;#000000&#8243; global_colors_info=&#8220;{}&#8220;]<\/p>\n<p>Eine Stornierung des gebuchten Platzes ist direkt \u00fcber das Onlineanmeldesystem m\u00f6glich.<br \/>Bei kurzfristiger Stornierung oder Fragen, schicken sie uns bitte eine E-Mail an <a href=\"mailto:info@stutengarten.de\">info@stutengarten.de<\/a>.<\/p>\n<p>Die evtl. bereits bezahlte Teilnehmergeb\u00fchr abzgl. einer Bearbeitungsgeb\u00fchr wird zur\u00fcckerstattet. Diese Geb\u00fchr bel\u00e4uft sich <br \/>bis 8 Wochen vor Beginn der Veranstaltung auf 5%, <br \/>bis 4 Wochen vor Beginn auf 40%, <br \/>bis 2 Wochen vor Beginn auf 60%. <br \/>F\u00fcr Stornierungen, die nach den 2 Wochen vor Veranstaltungsbeginn bei uns eingehen, k\u00f6nnen wir keine R\u00fcckerstattung mehr anbieten und behalten uns vor, den kompletten Buchungsbetrag einzubehalten. <br \/>Bei Nichtantritt behalten wir die Teilnahmegeb\u00fchr ein.<\/p>\n<p>[\/et_pb_accordion_item][et_pb_accordion_item title=&#8220;Gerne w\u00fcrde ich den gebuchten Platz meiner Tochter\/meines Sohnes in eine andere Woche umbuchen? Ist eine Umbuchung generell m\u00f6glich?&#8220; _builder_version=&#8220;4.19.5&#8243; _module_preset=&#8220;default&#8220; global_colors_info=&#8220;{}&#8220; open=&#8220;off&#8220;]<\/p>\n<p>Leider ist eine Umbuchung in eine andere Woche nicht m\u00f6glich. Es besteht lediglich die M\u00f6glichkeit den vorhandenen Platz zu stornieren und in einer anderen Woche einen Platz zu buchen. Sind die Wochen bereits ausgebucht, werden Wartelistenpl\u00e4tze vergeben.<\/p>\n<p>[\/et_pb_accordion_item][et_pb_accordion_item title=&#8220;Was sind Tiergruppen und wie erfolgt die Einteilung? Kann ich Gruppenw\u00fcnsche bei der Anmeldung angeben?&#8220; _builder_version=&#8220;4.19.5&#8243; _module_preset=&#8220;default&#8220; global_colors_info=&#8220;{}&#8220; open=&#8220;off&#8220;]<\/p>\n<p>Insgesamt arbeiten 150 Mitarbeitende pro Woche in den verschiedenen Berufen der Spielstadt mit. Sie sorgen daf\u00fcr, dass alle Kinder gl\u00fccklich und zufrieden ihr Pl\u00e4tzchen finden und viel Spa\u00df haben. Jedes Kind wird in eine Tiergruppe eingeteilt. Diese besteht aus ungef\u00e4hr 20 Kinder. Gemeinsam mit der Tiergruppe besuchen die Kind morgens und abends die Show und erleben weitere tolle Aktionen zusammen. Man erkennt seine*n Tiergruppenbetreuer*in daran, dass sie oder er ein gelbes T-Shirt mit einem Tier darauf anhat. Dieses Tiersymbol ist auch auf dem Stutengartenpass der Kinder abgebildet. So kann die*der jeweilige Betreuer*in immer erkannt, gefunden und bei besonderen Fragen oder Problemen angesprochen\u00a0 werden.<\/p>\n<p>Gerne k\u00f6nnen Sie bei der Anmeldung Gruppenw\u00fcnsche abgeben, allerdings ist uns eine Einteilung aus organisatorischen Gr\u00fcnden nicht immer m\u00f6glich. Wir versuchen jedoch unser Bestes!<\/p>\n<p>[\/et_pb_accordion_item][et_pb_accordion_item _builder_version=&#8220;4.19.5&#8243; _module_preset=&#8220;default&#8220; global_colors_info=&#8220;{}&#8220; open=&#8220;off&#8220;][\/et_pb_accordion_item][\/et_pb_accordion][\/et_pb_column][\/et_pb_row][\/et_pb_section]<\/p>\n","protected":false},"excerpt":{"rendered":"<p>FAQFragen und Antworten rund um die Anmeldung Haben Sie weitere Fragen zum Stutengarten?Gerne stehen wir f\u00fcr R\u00fcckfragen unter der Stutengarten Hotline 0711 9978961 zur Verf\u00fcgung!Stutengarten findet vom 17. August 2026 bis zum 04. September 2026 statt: 1. Woche 17. August 2026 bis 21. August 20262. Woche 24. August 2026 bis 28. August 20263. Woche 31. [&hellip;]<\/p>\n","protected":false},"author":1,"featured_media":0,"parent":0,"menu_order":0,"comment_status":"closed","ping_status":"closed","template":"","meta":{"_et_pb_use_builder":"on","_et_pb_old_content":"[et_pb_section fb_built=\"1\" custom_padding_last_edited=\"on|phone\" _builder_version=\"4.19.5\" _module_preset=\"default\" background_color=\"#fcfae7\" custom_padding=\"|7vw||7vw|false|true\" custom_padding_tablet=\"|7vw||7vw|false|true\" custom_padding_phone=\"|4vw||4vw|false|true\" global_colors_info=\"{}\"][et_pb_row column_structure=\"2_5,3_5\" _builder_version=\"4.19.5\" _module_preset=\"default\" background_color=\"RGBA(255,255,255,0)\" width=\"100%\" max_width=\"100%\" custom_margin=\"5vh||||false|false\" custom_margin_tablet=\"5vh||||false|false\" custom_margin_phone=\"0vh||||false|false\" custom_margin_last_edited=\"on|phone\" global_colors_info=\"{}\"][et_pb_column type=\"2_5\" _builder_version=\"4.19.5\" _module_preset=\"default\" global_colors_info=\"{}\"][et_pb_text _builder_version=\"4.19.5\" _module_preset=\"default\" header_font=\"JackScript||||||||\" header_text_color=\"#261e45\" header_font_size=\"86px\" header_line_height=\"1.1em\" header_2_font=\"JackScript||||||||\" header_2_text_color=\"#261e45\" header_2_font_size=\"70px\" header_2_line_height=\"1.1em\" custom_margin=\"||0px|||\" header_font_size_tablet=\"86px\" header_font_size_phone=\"46px\" header_font_size_last_edited=\"on|phone\" header_2_font_size_tablet=\"56px\" header_2_font_size_phone=\"56px\" header_2_font_size_last_edited=\"on|phone\" global_colors_info=\"{}\"]\n<h2>KONTAKT<\/h2>\n[\/et_pb_text][\/et_pb_column][et_pb_column type=\"3_5\" _builder_version=\"4.19.5\" _module_preset=\"default\" global_colors_info=\"{}\"][et_pb_text _builder_version=\"4.19.5\" _module_preset=\"default\" text_font=\"Manrope_Regular||||||||\" text_text_color=\"#261e45\" text_font_size=\"24px\" text_line_height=\"1.4em\" header_3_font=\"Manrope_Bold||||||||\" header_3_text_color=\"#261e45\" header_3_font_size=\"36px\" header_3_line_height=\"1.3em\" hover_enabled=\"0\" text_font_size_tablet=\"24px\" text_font_size_phone=\"20px\" text_font_size_last_edited=\"on|phone\" text_line_height_tablet=\"1.4em\" text_line_height_phone=\"1.3em\" text_line_height_last_edited=\"on|desktop\" header_3_font_size_tablet=\"36px\" header_3_font_size_phone=\"27px\" header_3_font_size_last_edited=\"on|phone\" global_colors_info=\"{}\" sticky_enabled=\"0\"]\n<h3>Stutengarten \u2013 die KinderSpielStadt ist ein Projekt des<\/h3>\nAlle Fragen rund um die Anmeldung beantworten wir gerne unter der Stutengarten-Hotline\n\n0711 9978961.\n\n&nbsp;\n\n<strong>Projektleitung<\/strong>\nChristian Franger\n<a href=\"mailto:Christian.franger@jugendhaus.net\">Christian.franger@jugendhaus.net<\/a>\n<a href=\"http:\/\/www.projektwerk-jugendhaus.de\">http:\/\/www.projektwerk-jugendhaus.de<\/a>\n\n&nbsp;\n\n[\/et_pb_text][\/et_pb_column][\/et_pb_row][\/et_pb_section]","_et_gb_content_width":"","footnotes":""},"class_list":["post-235","page","type-page","status-publish","hentry"],"yoast_head":"<!-- This site is optimized with the Yoast SEO plugin v22.4 - https:\/\/yoast.com\/wordpress\/plugins\/seo\/ -->\n<title>FAQ - Kinderspielstadt Stutengarten<\/title>\n<meta name=\"robots\" content=\"index, follow, max-snippet:-1, max-image-preview:large, max-video-preview:-1\" \/>\n<link rel=\"canonical\" href=\"https:\/\/stutengarten.de\/WP\/faq\/\" \/>\n<meta property=\"og:locale\" content=\"de_DE\" \/>\n<meta property=\"og:type\" content=\"article\" \/>\n<meta property=\"og:title\" content=\"FAQ - Kinderspielstadt Stutengarten\" \/>\n<meta property=\"og:description\" content=\"FAQFragen und Antworten rund um die Anmeldung Haben Sie weitere Fragen zum Stutengarten?Gerne stehen wir f\u00fcr R\u00fcckfragen unter der Stutengarten Hotline 0711 9978961 zur Verf\u00fcgung!Stutengarten findet vom 17. August 2026 bis zum 04. September 2026 statt: 1. Woche 17. August 2026 bis 21. August 20262. Woche 24. August 2026 bis 28. August 20263. Woche 31. [&hellip;]\" \/>\n<meta property=\"og:url\" content=\"https:\/\/stutengarten.de\/WP\/faq\/\" \/>\n<meta property=\"og:site_name\" content=\"Kinderspielstadt Stutengarten\" \/>\n<meta property=\"article:publisher\" content=\"http:\/\/www.facebook.com\/kinderspielstadt.stutengarten\/\" \/>\n<meta property=\"article:modified_time\" content=\"2025-12-05T12:17:09+00:00\" \/>\n<meta name=\"twitter:card\" content=\"summary_large_image\" \/>\n<meta name=\"twitter:label1\" content=\"Gesch\u00e4tzte Lesezeit\" \/>\n\t<meta name=\"twitter:data1\" content=\"7\u00a0Minuten\" \/>\n<script type=\"application\/ld+json\" class=\"yoast-schema-graph\">{\"@context\":\"https:\/\/schema.org\",\"@graph\":[{\"@type\":\"WebPage\",\"@id\":\"https:\/\/stutengarten.de\/WP\/faq\/\",\"url\":\"https:\/\/stutengarten.de\/WP\/faq\/\",\"name\":\"FAQ - Kinderspielstadt Stutengarten\",\"isPartOf\":{\"@id\":\"https:\/\/stutengarten.de\/WP\/#website\"},\"datePublished\":\"2023-02-09T12:47:18+00:00\",\"dateModified\":\"2025-12-05T12:17:09+00:00\",\"breadcrumb\":{\"@id\":\"https:\/\/stutengarten.de\/WP\/faq\/#breadcrumb\"},\"inLanguage\":\"de\",\"potentialAction\":[{\"@type\":\"ReadAction\",\"target\":[\"https:\/\/stutengarten.de\/WP\/faq\/\"]}]},{\"@type\":\"BreadcrumbList\",\"@id\":\"https:\/\/stutengarten.de\/WP\/faq\/#breadcrumb\",\"itemListElement\":[{\"@type\":\"ListItem\",\"position\":1,\"name\":\"Startseite\",\"item\":\"https:\/\/stutengarten.de\/WP\/\"},{\"@type\":\"ListItem\",\"position\":2,\"name\":\"FAQ\"}]},{\"@type\":\"WebSite\",\"@id\":\"https:\/\/stutengarten.de\/WP\/#website\",\"url\":\"https:\/\/stutengarten.de\/WP\/\",\"name\":\"Kinderspielstadt Stutengarten\",\"description\":\"\",\"publisher\":{\"@id\":\"https:\/\/stutengarten.de\/WP\/#organization\"},\"potentialAction\":[{\"@type\":\"SearchAction\",\"target\":{\"@type\":\"EntryPoint\",\"urlTemplate\":\"https:\/\/stutengarten.de\/WP\/?s={search_term_string}\"},\"query-input\":\"required name=search_term_string\"}],\"inLanguage\":\"de\"},{\"@type\":\"Organization\",\"@id\":\"https:\/\/stutengarten.de\/WP\/#organization\",\"name\":\"Kinderspielstadt Stutengarten\",\"url\":\"https:\/\/stutengarten.de\/WP\/\",\"logo\":{\"@type\":\"ImageObject\",\"inLanguage\":\"de\",\"@id\":\"https:\/\/stutengarten.de\/WP\/#\/schema\/logo\/image\/\",\"url\":\"https:\/\/stutengarten.de\/WP\/wp-content\/uploads\/2023\/02\/stutengarten_logo.png\",\"contentUrl\":\"https:\/\/stutengarten.de\/WP\/wp-content\/uploads\/2023\/02\/stutengarten_logo.png\",\"width\":706,\"height\":104,\"caption\":\"Kinderspielstadt Stutengarten\"},\"image\":{\"@id\":\"https:\/\/stutengarten.de\/WP\/#\/schema\/logo\/image\/\"},\"sameAs\":[\"http:\/\/www.facebook.com\/kinderspielstadt.stutengarten\/\",\"http:\/\/www.instagram.com\/kinderspielstadt.stutengarten\"]}]}<\/script>\n<!-- \/ Yoast SEO plugin. -->","yoast_head_json":{"title":"FAQ - Kinderspielstadt Stutengarten","robots":{"index":"index","follow":"follow","max-snippet":"max-snippet:-1","max-image-preview":"max-image-preview:large","max-video-preview":"max-video-preview:-1"},"canonical":"https:\/\/stutengarten.de\/WP\/faq\/","og_locale":"de_DE","og_type":"article","og_title":"FAQ - Kinderspielstadt Stutengarten","og_description":"FAQFragen und Antworten rund um die Anmeldung Haben Sie weitere Fragen zum Stutengarten?Gerne stehen wir f\u00fcr R\u00fcckfragen unter der Stutengarten Hotline 0711 9978961 zur Verf\u00fcgung!Stutengarten findet vom 17. August 2026 bis zum 04. September 2026 statt: 1. Woche 17. August 2026 bis 21. August 20262. Woche 24. August 2026 bis 28. August 20263. Woche 31. [&hellip;]","og_url":"https:\/\/stutengarten.de\/WP\/faq\/","og_site_name":"Kinderspielstadt Stutengarten","article_publisher":"http:\/\/www.facebook.com\/kinderspielstadt.stutengarten\/","article_modified_time":"2025-12-05T12:17:09+00:00","twitter_card":"summary_large_image","twitter_misc":{"Gesch\u00e4tzte Lesezeit":"7\u00a0Minuten"},"schema":{"@context":"https:\/\/schema.org","@graph":[{"@type":"WebPage","@id":"https:\/\/stutengarten.de\/WP\/faq\/","url":"https:\/\/stutengarten.de\/WP\/faq\/","name":"FAQ - Kinderspielstadt Stutengarten","isPartOf":{"@id":"https:\/\/stutengarten.de\/WP\/#website"},"datePublished":"2023-02-09T12:47:18+00:00","dateModified":"2025-12-05T12:17:09+00:00","breadcrumb":{"@id":"https:\/\/stutengarten.de\/WP\/faq\/#breadcrumb"},"inLanguage":"de","potentialAction":[{"@type":"ReadAction","target":["https:\/\/stutengarten.de\/WP\/faq\/"]}]},{"@type":"BreadcrumbList","@id":"https:\/\/stutengarten.de\/WP\/faq\/#breadcrumb","itemListElement":[{"@type":"ListItem","position":1,"name":"Startseite","item":"https:\/\/stutengarten.de\/WP\/"},{"@type":"ListItem","position":2,"name":"FAQ"}]},{"@type":"WebSite","@id":"https:\/\/stutengarten.de\/WP\/#website","url":"https:\/\/stutengarten.de\/WP\/","name":"Kinderspielstadt Stutengarten","description":"","publisher":{"@id":"https:\/\/stutengarten.de\/WP\/#organization"},"potentialAction":[{"@type":"SearchAction","target":{"@type":"EntryPoint","urlTemplate":"https:\/\/stutengarten.de\/WP\/?s={search_term_string}"},"query-input":"required name=search_term_string"}],"inLanguage":"de"},{"@type":"Organization","@id":"https:\/\/stutengarten.de\/WP\/#organization","name":"Kinderspielstadt Stutengarten","url":"https:\/\/stutengarten.de\/WP\/","logo":{"@type":"ImageObject","inLanguage":"de","@id":"https:\/\/stutengarten.de\/WP\/#\/schema\/logo\/image\/","url":"https:\/\/stutengarten.de\/WP\/wp-content\/uploads\/2023\/02\/stutengarten_logo.png","contentUrl":"https:\/\/stutengarten.de\/WP\/wp-content\/uploads\/2023\/02\/stutengarten_logo.png","width":706,"height":104,"caption":"Kinderspielstadt Stutengarten"},"image":{"@id":"https:\/\/stutengarten.de\/WP\/#\/schema\/logo\/image\/"},"sameAs":["http:\/\/www.facebook.com\/kinderspielstadt.stutengarten\/","http:\/\/www.instagram.com\/kinderspielstadt.stutengarten"]}]}},"_links":{"self":[{"href":"https:\/\/stutengarten.de\/WP\/wp-json\/wp\/v2\/pages\/235","targetHints":{"allow":["GET"]}}],"collection":[{"href":"https:\/\/stutengarten.de\/WP\/wp-json\/wp\/v2\/pages"}],"about":[{"href":"https:\/\/stutengarten.de\/WP\/wp-json\/wp\/v2\/types\/page"}],"author":[{"embeddable":true,"href":"https:\/\/stutengarten.de\/WP\/wp-json\/wp\/v2\/users\/1"}],"replies":[{"embeddable":true,"href":"https:\/\/stutengarten.de\/WP\/wp-json\/wp\/v2\/comments?post=235"}],"version-history":[{"count":47,"href":"https:\/\/stutengarten.de\/WP\/wp-json\/wp\/v2\/pages\/235\/revisions"}],"predecessor-version":[{"id":953,"href":"https:\/\/stutengarten.de\/WP\/wp-json\/wp\/v2\/pages\/235\/revisions\/953"}],"wp:attachment":[{"href":"https:\/\/stutengarten.de\/WP\/wp-json\/wp\/v2\/media?parent=235"}],"curies":[{"name":"wp","href":"https:\/\/api.w.org\/{rel}","templated":true}]}}