{"id":231,"date":"2023-02-09T12:38:15","date_gmt":"2023-02-09T12:38:15","guid":{"rendered":"http:\/\/dev.crisfits.com\/?page_id=231"},"modified":"2025-02-17T11:07:15","modified_gmt":"2025-02-17T11:07:15","slug":"kontakt","status":"publish","type":"page","link":"https:\/\/stutengarten.de\/WP\/kontakt\/","title":{"rendered":"Kontakt"},"content":{"rendered":"<p>[et_pb_section fb_built=&#8220;1&#8243; custom_padding_last_edited=&#8220;on|phone&#8220; next_background_color=&#8220;#ffffff&#8220; _builder_version=&#8220;4.19.5&#8243; _module_preset=&#8220;default&#8220; background_color=&#8220;#fcfae7&#8243; custom_padding=&#8220;|7vw||7vw|false|true&#8220; custom_padding_tablet=&#8220;|7vw||7vw|false|true&#8220; custom_padding_phone=&#8220;|4vw||4vw|false|true&#8220; bottom_divider_style=&#8220;slant&#8220; bottom_divider_flip=&#8220;horizontal&#8220; bottom_divider_height_tablet=&#8220;&#8220; bottom_divider_height_phone=&#8220;30px&#8220; bottom_divider_height_last_edited=&#8220;on|phone&#8220; global_colors_info=&#8220;{}&#8220;][et_pb_row column_structure=&#8220;2_5,3_5&#8243; _builder_version=&#8220;4.19.5&#8243; _module_preset=&#8220;default&#8220; background_color=&#8220;RGBA(255,255,255,0)&#8220; width=&#8220;100%&#8220; max_width=&#8220;100%&#8220; custom_margin=&#8220;5vh||||false|false&#8220; custom_margin_tablet=&#8220;5vh||||false|false&#8220; custom_margin_phone=&#8220;0vh||||false|false&#8220; custom_margin_last_edited=&#8220;on|phone&#8220; global_colors_info=&#8220;{}&#8220;][et_pb_column type=&#8220;2_5&#8243; _builder_version=&#8220;4.19.5&#8243; _module_preset=&#8220;default&#8220; global_colors_info=&#8220;{}&#8220;][et_pb_text _builder_version=&#8220;4.19.5&#8243; _module_preset=&#8220;default&#8220; header_font=&#8220;JackScript||||||||&#8220; header_text_color=&#8220;#261e45&#8243; header_font_size=&#8220;86px&#8220; header_line_height=&#8220;1.1em&#8220; header_2_font=&#8220;JackScript||||||||&#8220; header_2_text_color=&#8220;#261e45&#8243; header_2_font_size=&#8220;70px&#8220; header_2_line_height=&#8220;1.1em&#8220; custom_margin=&#8220;||0px|||&#8220; header_font_size_tablet=&#8220;86px&#8220; header_font_size_phone=&#8220;46px&#8220; header_font_size_last_edited=&#8220;on|phone&#8220; header_2_font_size_tablet=&#8220;56px&#8220; header_2_font_size_phone=&#8220;56px&#8220; header_2_font_size_last_edited=&#8220;on|phone&#8220; global_colors_info=&#8220;{}&#8220;]<\/p>\n<h2>KONTAKT<\/h2>\n<p>[\/et_pb_text][\/et_pb_column][et_pb_column type=&#8220;3_5&#8243; _builder_version=&#8220;4.19.5&#8243; _module_preset=&#8220;default&#8220; global_colors_info=&#8220;{}&#8220;][et_pb_text _builder_version=&#8220;4.21.0&#8243; _module_preset=&#8220;default&#8220; text_font=&#8220;Manrope_Regular||||||||&#8220; text_text_color=&#8220;#261e45&#8243; text_font_size=&#8220;24px&#8220; text_line_height=&#8220;1.4em&#8220; header_3_font=&#8220;Manrope_Bold||||||||&#8220; header_3_text_color=&#8220;#261e45&#8243; header_3_font_size=&#8220;36px&#8220; header_3_line_height=&#8220;1.3em&#8220; hover_enabled=&#8220;0&#8243; text_font_size_tablet=&#8220;24px&#8220; text_font_size_phone=&#8220;20px&#8220; text_font_size_last_edited=&#8220;on|phone&#8220; text_line_height_tablet=&#8220;1.4em&#8220; text_line_height_phone=&#8220;1.3em&#8220; text_line_height_last_edited=&#8220;on|desktop&#8220; header_3_font_size_tablet=&#8220;36px&#8220; header_3_font_size_phone=&#8220;27px&#8220; header_3_font_size_last_edited=&#8220;on|phone&#8220; global_colors_info=&#8220;{}&#8220; sticky_enabled=&#8220;0&#8243;]<\/p>\n<h3>Stutengarten \u2013 die KinderSpielStadt ist ein Projekt des<\/h3>\n<p>&nbsp;<\/p>\n<p>ProjektWERK<br \/>Netzwerk f\u00fcr Projekte &amp; Events<br \/>Eine Einrichtung der Stuttgarter Jugendhaus gGmbH<br \/>Heiligenwiesen 18<br \/>70327 Stuttgart<\/p>\n<p>&nbsp;<\/p>\n<p>Alle Fragen rund um die Anmeldung beantworten wir gerne unter der Stutengarten-Hotline 0711 9978961<\/p>\n<p><strong>Projektleitung<\/strong><br \/>Christian Franger<br \/><a href=\"mailto:Christian.franger@stjg.de\">christian.franger@stjg.de<\/a><br \/><a href=\"http:\/\/www.projektwerk-jugendhaus.de\">www.projektwerk-jugendhaus.de<\/a><\/p>\n<p>&nbsp;<\/p>\n<p>[\/et_pb_text][\/et_pb_column][\/et_pb_row][\/et_pb_section]<\/p>\n","protected":false},"excerpt":{"rendered":"<p>KONTAKTStutengarten \u2013 die KinderSpielStadt ist ein Projekt des &nbsp; ProjektWERKNetzwerk f\u00fcr Projekte &amp; EventsEine Einrichtung der Stuttgarter Jugendhaus gGmbHHeiligenwiesen 1870327 Stuttgart &nbsp; Alle Fragen rund um die Anmeldung beantworten wir gerne unter der Stutengarten-Hotline 0711 9978961 ProjektleitungChristian Frangerchristian.franger@stjg.dewww.projektwerk-jugendhaus.de &nbsp;<\/p>\n","protected":false},"author":1,"featured_media":0,"parent":0,"menu_order":0,"comment_status":"closed","ping_status":"closed","template":"","meta":{"_et_pb_use_builder":"on","_et_pb_old_content":"[et_pb_section fb_built=\"1\" custom_padding_last_edited=\"on|phone\" _builder_version=\"4.19.5\" _module_preset=\"default\" background_color=\"#fcfae7\" custom_padding=\"|7vw||7vw|false|true\" custom_padding_tablet=\"|7vw||7vw|false|true\" custom_padding_phone=\"|4vw||4vw|false|true\" global_colors_info=\"{}\"][et_pb_row column_structure=\"2_5,3_5\" _builder_version=\"4.19.5\" _module_preset=\"default\" background_color=\"RGBA(255,255,255,0)\" width=\"100%\" max_width=\"100%\" custom_margin=\"5vh||||false|false\" custom_margin_tablet=\"5vh||||false|false\" custom_margin_phone=\"0vh||||false|false\" custom_margin_last_edited=\"on|phone\" global_colors_info=\"{}\"][et_pb_column type=\"2_5\" _builder_version=\"4.19.5\" _module_preset=\"default\" global_colors_info=\"{}\"][et_pb_text _builder_version=\"4.19.5\" _module_preset=\"default\" header_font=\"JackScript||||||||\" header_text_color=\"#261e45\" header_font_size=\"86px\" header_line_height=\"1.1em\" header_2_font=\"JackScript||||||||\" header_2_text_color=\"#261e45\" header_2_font_size=\"70px\" header_2_line_height=\"1.1em\" custom_margin=\"||0px|||\" header_font_size_tablet=\"86px\" header_font_size_phone=\"46px\" header_font_size_last_edited=\"on|phone\" header_2_font_size_tablet=\"56px\" header_2_font_size_phone=\"56px\" header_2_font_size_last_edited=\"on|phone\" global_colors_info=\"{}\"]\n<h2>IMPRESSUM<\/h2>\n[\/et_pb_text][\/et_pb_column][et_pb_column type=\"3_5\" _builder_version=\"4.19.5\" _module_preset=\"default\" global_colors_info=\"{}\"][et_pb_text _builder_version=\"4.19.5\" _module_preset=\"default\" text_font=\"Manrope_Regular||||||||\" text_text_color=\"#261e45\" text_font_size=\"24px\" text_line_height=\"1.4em\" header_3_font=\"Manrope_Bold||||||||\" header_3_text_color=\"#261e45\" header_3_font_size=\"36px\" header_3_line_height=\"1.3em\" hover_enabled=\"0\" text_font_size_tablet=\"24px\" text_font_size_phone=\"20px\" text_font_size_last_edited=\"on|phone\" text_line_height_tablet=\"1.4em\" text_line_height_phone=\"1.3em\" text_line_height_last_edited=\"on|desktop\" header_3_font_size_tablet=\"36px\" header_3_font_size_phone=\"27px\" header_3_font_size_last_edited=\"on|phone\" global_colors_info=\"{}\" sticky_enabled=\"0\"]\n<h3>Verantwortlich f\u00fcr den Inhalt:<\/h3>\nProjektWERK\nNetzwerk f\u00fcr Projekte &amp;&nbsp;Events\nEine Einrichtung der Stuttgarter Jugendhaus gGmbH\nHeiligenwiesen 18\n70327 Stuttgart\nTel 0711\/9071693\nFax 0711\/9978962\n\nAlle Antworten auf die wichtigsten Fragen rund um die Anmeldung finden Sie unter den FAQs.\n\n&nbsp;\n\nVertretungsberechtigter Gesch\u00e4ftsf\u00fchrer:&nbsp;Ingo-Felix Meier\nRegistergericht: Amtsgericht Stuttgart\nRegisternummer: HR 725890\nE-Mail: <a href=\"mailto:info@stutengarten.de\">info@stutengarten.de<\/a>\n\n&nbsp;\n\nUnsere Allgemeinen Gesch\u00e4ftsbedingungen (AGB):\n\n<a href=\"http:\/\/www.stutengarten.de\/html\/agb.html\">HTML-Version<\/a>\n\n<a href=\"http:\/\/www.stutengarten.de\/wp-content\/uploads\/AGB_Kinderspielstadt_Stutengarten.pdf\">Version zum Downloaden oder Drucken (.pdf)<\/a>\n\nWebsite-Gestaltung: <a href=\"http:\/\/projektwerk-jugendhaus.de\">Projektwerk Netzwerk f\u00fcr Projekte &amp; Events<\/a>\n\n&nbsp;\n<h3>HAFTUNGSAUSSCHLUSS<\/h3>\n<ol>\n \t<li><strong>Inhalt des Onlineangebotes<\/strong><\/li>\n<\/ol>\nDer Autor \u00fcbernimmt keinerlei Gew\u00e4hr f\u00fcr die Aktualit\u00e4t, Korrektheit, Vollst\u00e4ndigkeit oder Qualit\u00e4t der bereitgestellten Informationen. Haftungsanspr\u00fcche gegen den Autor, welche sich auf Sch\u00e4den materieller oder ideeller Art beziehen, die durch die Nutzung oder Nichtnutzung der dargebotenen Informationen bzw. durch die Nutzung fehlerhafter und unvollst\u00e4ndiger Informationen verursacht wurden, sind grunds\u00e4tzlich ausgeschlossen, sofern seitens des Autors kein nachweislich vors\u00e4tzliches oder grob fahrl\u00e4ssiges Verschulden vorliegt.\n\nAlle Angebote sind freibleibend und unverbindlich. Der Autor beh\u00e4lt es sich ausdr\u00fccklich vor, Teile der Seiten oder das gesamte Angebot ohne gesonderte Ank\u00fcndigung zu ver\u00e4ndern, zu erg\u00e4nzen, zu l\u00f6schen oder die Ver\u00f6ffentlichung zeitweise oder endg\u00fcltig einzustellen.\n\n&nbsp;\n<ol start=\"2\">\n \t<li><strong>Verweise und Links<\/strong><\/li>\n<\/ol>\nBei direkten oder indirekten Verweisen auf fremde Webseiten (\u201eHyperlinks\u201c), die au\u00dferhalb des Verantwortungsbereiches des Autors liegen, w\u00fcrde eine Haftungsverpflichtung ausschlie\u00dflich in dem Fall in Kraft treten, in dem der Autor von den Inhalten Kenntnis hat und es ihm technisch m\u00f6glich und zumutbar w\u00e4re, die Nutzung im Falle rechtswidriger Inhalte zu verhindern.\n\nDer Autor erkl\u00e4rt hiermit ausdr\u00fccklich, dass zum Zeitpunkt der Linksetzung keine illegalen Inhalte auf den zu verlinkenden Seiten erkennbar waren. Auf die aktuelle und zuk\u00fcnftige Gestaltung, die Inhalte oder die Urheberschaft der verlinkten\/verkn\u00fcpften Seiten hat der Autor keinerlei Einfluss. Deshalb distanziert er sich hiermit ausdr\u00fccklich von allen Inhalten aller verlinkten \/verkn\u00fcpften Seiten, die nach der Linksetzung ver\u00e4ndert wurden. Diese Feststellung gilt f\u00fcr alle innerhalb des eigenen Internetangebotes gesetzten Links und Verweise sowie f\u00fcr Fremdeintr\u00e4ge in vom Autor eingerichteten G\u00e4steb\u00fcchern, Diskussionsforen, Linkverzeichnissen, Mailinglisten und in allen anderen Formen von Datenbanken, auf deren Inhalt externe Schreibzugriffe m\u00f6glich sind. F\u00fcr illegale, fehlerhafte oder unvollst\u00e4ndige Inhalte und insbesondere f\u00fcr Sch\u00e4den, die aus der Nutzung oder Nichtnutzung solcherart dargebotener Informationen entstehen, haftet allein der Anbieter der Seite, auf welche verwiesen wurde, nicht derjenige, der \u00fcber Links auf die jeweilige Ver\u00f6ffentlichung lediglich verweist.\n\n&nbsp;\n<ol start=\"3\">\n \t<li><strong>Urheber- und Kennzeichenrecht<\/strong><\/li>\n<\/ol>\nDer Autor ist bestrebt, in allen Publikationen die Urheberrechte der verwendeten Grafiken, Tondokumente, Videosequenzen und Texte zu beachten, von ihm selbst erstellte Grafiken, Tondokumente, Videosequenzen und Texte zu nutzen oder auf lizenzfreie Grafiken, Tondokumente, Videosequenzen und Texte zur\u00fcckzugreifen. Alle innerhalb des Internetangebotes genannten und ggf. durch Dritte gesch\u00fctzten Marken- und Warenzeichen unterliegen uneingeschr\u00e4nkt den Bestimmungen des jeweils g\u00fcltigen Kennzeichenrechts und den Besitzrechten der jeweiligen eingetragenen Eigent\u00fcmer. Allein aufgrund der blo\u00dfen Nennung ist nicht der Schluss zu ziehen, dass Markenzeichen nicht durch Rechte Dritter gesch\u00fctzt sind!\n\nDas Copyright f\u00fcr ver\u00f6ffentlichte, vom Autor selbst erstellte Objekte bleibt allein beim Autor der Seiten. Eine Vervielf\u00e4ltigung oder Verwendung solcher Grafiken, Tondokumente, Videosequenzen und Texte in anderen elektronischen oder gedruckten Publikationen ist ohne ausdr\u00fcckliche Zustimmung des Autors nicht gestattet.\n\n&nbsp;\n<ol start=\"4\">\n \t<li><strong>Rechtswirksamkeit dieses Haftungsausschlusses<\/strong><\/li>\n<\/ol>\nDieser Haftungsausschluss ist als Teil des Internetangebotes zu betrachten, von dem aus auf diese Seite verwiesen wurde. Sofern Teile oder einzelne Formulierungen dieses Textes der geltenden Rechtslage nicht, nicht mehr oder nicht vollst\u00e4ndig entsprechen sollten, bleiben die \u00fcbrigen Teile des Dokumentes in ihrem Inhalt und ihrer G\u00fcltigkeit davon unber\u00fchrt.\n\n&nbsp;\n\n[\/et_pb_text][\/et_pb_column][\/et_pb_row][\/et_pb_section]","_et_gb_content_width":"","footnotes":""},"class_list":["post-231","page","type-page","status-publish","hentry"],"yoast_head":"<!-- This site is optimized with the Yoast SEO plugin v22.4 - https:\/\/yoast.com\/wordpress\/plugins\/seo\/ -->\n<title>Kontakt - Kinderspielstadt Stutengarten<\/title>\n<meta name=\"robots\" content=\"index, follow, max-snippet:-1, max-image-preview:large, max-video-preview:-1\" \/>\n<link rel=\"canonical\" href=\"https:\/\/stutengarten.de\/WP\/kontakt\/\" \/>\n<meta property=\"og:locale\" content=\"de_DE\" \/>\n<meta property=\"og:type\" content=\"article\" \/>\n<meta property=\"og:title\" content=\"Kontakt - Kinderspielstadt Stutengarten\" \/>\n<meta property=\"og:description\" content=\"KONTAKTStutengarten \u2013 die KinderSpielStadt ist ein Projekt des &nbsp; ProjektWERKNetzwerk f\u00fcr Projekte &amp; EventsEine Einrichtung der Stuttgarter Jugendhaus gGmbHHeiligenwiesen 1870327 Stuttgart &nbsp; Alle Fragen rund um die Anmeldung beantworten wir gerne unter der Stutengarten-Hotline 0711 9978961 ProjektleitungChristian Frangerchristian.franger@stjg.dewww.projektwerk-jugendhaus.de &nbsp;\" \/>\n<meta property=\"og:url\" content=\"https:\/\/stutengarten.de\/WP\/kontakt\/\" \/>\n<meta property=\"og:site_name\" content=\"Kinderspielstadt Stutengarten\" \/>\n<meta property=\"article:publisher\" content=\"http:\/\/www.facebook.com\/kinderspielstadt.stutengarten\/\" \/>\n<meta property=\"article:modified_time\" content=\"2025-02-17T11:07:15+00:00\" \/>\n<meta name=\"twitter:card\" content=\"summary_large_image\" \/>\n<meta name=\"twitter:label1\" content=\"Gesch\u00e4tzte Lesezeit\" \/>\n\t<meta name=\"twitter:data1\" content=\"2\u00a0Minuten\" \/>\n<script type=\"application\/ld+json\" class=\"yoast-schema-graph\">{\"@context\":\"https:\/\/schema.org\",\"@graph\":[{\"@type\":\"WebPage\",\"@id\":\"https:\/\/stutengarten.de\/WP\/kontakt\/\",\"url\":\"https:\/\/stutengarten.de\/WP\/kontakt\/\",\"name\":\"Kontakt - Kinderspielstadt Stutengarten\",\"isPartOf\":{\"@id\":\"https:\/\/stutengarten.de\/WP\/#website\"},\"datePublished\":\"2023-02-09T12:38:15+00:00\",\"dateModified\":\"2025-02-17T11:07:15+00:00\",\"breadcrumb\":{\"@id\":\"https:\/\/stutengarten.de\/WP\/kontakt\/#breadcrumb\"},\"inLanguage\":\"de\",\"potentialAction\":[{\"@type\":\"ReadAction\",\"target\":[\"https:\/\/stutengarten.de\/WP\/kontakt\/\"]}]},{\"@type\":\"BreadcrumbList\",\"@id\":\"https:\/\/stutengarten.de\/WP\/kontakt\/#breadcrumb\",\"itemListElement\":[{\"@type\":\"ListItem\",\"position\":1,\"name\":\"Startseite\",\"item\":\"https:\/\/stutengarten.de\/WP\/\"},{\"@type\":\"ListItem\",\"position\":2,\"name\":\"Kontakt\"}]},{\"@type\":\"WebSite\",\"@id\":\"https:\/\/stutengarten.de\/WP\/#website\",\"url\":\"https:\/\/stutengarten.de\/WP\/\",\"name\":\"Kinderspielstadt Stutengarten\",\"description\":\"\",\"publisher\":{\"@id\":\"https:\/\/stutengarten.de\/WP\/#organization\"},\"potentialAction\":[{\"@type\":\"SearchAction\",\"target\":{\"@type\":\"EntryPoint\",\"urlTemplate\":\"https:\/\/stutengarten.de\/WP\/?s={search_term_string}\"},\"query-input\":\"required name=search_term_string\"}],\"inLanguage\":\"de\"},{\"@type\":\"Organization\",\"@id\":\"https:\/\/stutengarten.de\/WP\/#organization\",\"name\":\"Kinderspielstadt Stutengarten\",\"url\":\"https:\/\/stutengarten.de\/WP\/\",\"logo\":{\"@type\":\"ImageObject\",\"inLanguage\":\"de\",\"@id\":\"https:\/\/stutengarten.de\/WP\/#\/schema\/logo\/image\/\",\"url\":\"https:\/\/stutengarten.de\/WP\/wp-content\/uploads\/2023\/02\/stutengarten_logo.png\",\"contentUrl\":\"https:\/\/stutengarten.de\/WP\/wp-content\/uploads\/2023\/02\/stutengarten_logo.png\",\"width\":706,\"height\":104,\"caption\":\"Kinderspielstadt Stutengarten\"},\"image\":{\"@id\":\"https:\/\/stutengarten.de\/WP\/#\/schema\/logo\/image\/\"},\"sameAs\":[\"http:\/\/www.facebook.com\/kinderspielstadt.stutengarten\/\",\"http:\/\/www.instagram.com\/kinderspielstadt.stutengarten\"]}]}<\/script>\n<!-- \/ Yoast SEO plugin. -->","yoast_head_json":{"title":"Kontakt - Kinderspielstadt Stutengarten","robots":{"index":"index","follow":"follow","max-snippet":"max-snippet:-1","max-image-preview":"max-image-preview:large","max-video-preview":"max-video-preview:-1"},"canonical":"https:\/\/stutengarten.de\/WP\/kontakt\/","og_locale":"de_DE","og_type":"article","og_title":"Kontakt - Kinderspielstadt Stutengarten","og_description":"KONTAKTStutengarten \u2013 die KinderSpielStadt ist ein Projekt des &nbsp; ProjektWERKNetzwerk f\u00fcr Projekte &amp; EventsEine Einrichtung der Stuttgarter Jugendhaus gGmbHHeiligenwiesen 1870327 Stuttgart &nbsp; Alle Fragen rund um die Anmeldung beantworten wir gerne unter der Stutengarten-Hotline 0711 9978961 ProjektleitungChristian Frangerchristian.franger@stjg.dewww.projektwerk-jugendhaus.de &nbsp;","og_url":"https:\/\/stutengarten.de\/WP\/kontakt\/","og_site_name":"Kinderspielstadt Stutengarten","article_publisher":"http:\/\/www.facebook.com\/kinderspielstadt.stutengarten\/","article_modified_time":"2025-02-17T11:07:15+00:00","twitter_card":"summary_large_image","twitter_misc":{"Gesch\u00e4tzte Lesezeit":"2\u00a0Minuten"},"schema":{"@context":"https:\/\/schema.org","@graph":[{"@type":"WebPage","@id":"https:\/\/stutengarten.de\/WP\/kontakt\/","url":"https:\/\/stutengarten.de\/WP\/kontakt\/","name":"Kontakt - Kinderspielstadt Stutengarten","isPartOf":{"@id":"https:\/\/stutengarten.de\/WP\/#website"},"datePublished":"2023-02-09T12:38:15+00:00","dateModified":"2025-02-17T11:07:15+00:00","breadcrumb":{"@id":"https:\/\/stutengarten.de\/WP\/kontakt\/#breadcrumb"},"inLanguage":"de","potentialAction":[{"@type":"ReadAction","target":["https:\/\/stutengarten.de\/WP\/kontakt\/"]}]},{"@type":"BreadcrumbList","@id":"https:\/\/stutengarten.de\/WP\/kontakt\/#breadcrumb","itemListElement":[{"@type":"ListItem","position":1,"name":"Startseite","item":"https:\/\/stutengarten.de\/WP\/"},{"@type":"ListItem","position":2,"name":"Kontakt"}]},{"@type":"WebSite","@id":"https:\/\/stutengarten.de\/WP\/#website","url":"https:\/\/stutengarten.de\/WP\/","name":"Kinderspielstadt Stutengarten","description":"","publisher":{"@id":"https:\/\/stutengarten.de\/WP\/#organization"},"potentialAction":[{"@type":"SearchAction","target":{"@type":"EntryPoint","urlTemplate":"https:\/\/stutengarten.de\/WP\/?s={search_term_string}"},"query-input":"required name=search_term_string"}],"inLanguage":"de"},{"@type":"Organization","@id":"https:\/\/stutengarten.de\/WP\/#organization","name":"Kinderspielstadt Stutengarten","url":"https:\/\/stutengarten.de\/WP\/","logo":{"@type":"ImageObject","inLanguage":"de","@id":"https:\/\/stutengarten.de\/WP\/#\/schema\/logo\/image\/","url":"https:\/\/stutengarten.de\/WP\/wp-content\/uploads\/2023\/02\/stutengarten_logo.png","contentUrl":"https:\/\/stutengarten.de\/WP\/wp-content\/uploads\/2023\/02\/stutengarten_logo.png","width":706,"height":104,"caption":"Kinderspielstadt Stutengarten"},"image":{"@id":"https:\/\/stutengarten.de\/WP\/#\/schema\/logo\/image\/"},"sameAs":["http:\/\/www.facebook.com\/kinderspielstadt.stutengarten\/","http:\/\/www.instagram.com\/kinderspielstadt.stutengarten"]}]}},"_links":{"self":[{"href":"https:\/\/stutengarten.de\/WP\/wp-json\/wp\/v2\/pages\/231","targetHints":{"allow":["GET"]}}],"collection":[{"href":"https:\/\/stutengarten.de\/WP\/wp-json\/wp\/v2\/pages"}],"about":[{"href":"https:\/\/stutengarten.de\/WP\/wp-json\/wp\/v2\/types\/page"}],"author":[{"embeddable":true,"href":"https:\/\/stutengarten.de\/WP\/wp-json\/wp\/v2\/users\/1"}],"replies":[{"embeddable":true,"href":"https:\/\/stutengarten.de\/WP\/wp-json\/wp\/v2\/comments?post=231"}],"version-history":[{"count":8,"href":"https:\/\/stutengarten.de\/WP\/wp-json\/wp\/v2\/pages\/231\/revisions"}],"predecessor-version":[{"id":826,"href":"https:\/\/stutengarten.de\/WP\/wp-json\/wp\/v2\/pages\/231\/revisions\/826"}],"wp:attachment":[{"href":"https:\/\/stutengarten.de\/WP\/wp-json\/wp\/v2\/media?parent=231"}],"curies":[{"name":"wp","href":"https:\/\/api.w.org\/{rel}","templated":true}]}}